{"id":1529,"date":"2020-04-13T11:18:48","date_gmt":"2020-04-13T11:18:48","guid":{"rendered":"https:\/\/argonmgmt.com\/notre-equipe\/"},"modified":"2025-03-18T12:36:06","modified_gmt":"2025-03-18T12:36:06","slug":"notre-equipe","status":"publish","type":"page","link":"https:\/\/argonmgmt.com\/fr\/notre-equipe\/","title":{"rendered":"Notre Equipe"},"content":{"rendered":"\t\t<div data-elementor-type=\"wp-page\" data-elementor-id=\"1529\" class=\"elementor elementor-1529 elementor-216\">\n\t\t\t\t<div class=\"elementor-element elementor-element-badc950 e-flex e-con-boxed e-con e-parent\" data-id=\"badc950\" data-element_type=\"container\" data-e-type=\"container\" data-settings=\"{&quot;background_background&quot;:&quot;classic&quot;}\">\n\t\t\t\t\t<div class=\"e-con-inner\">\n\t\t<div class=\"elementor-element elementor-element-05b938a e-con-full e-flex e-con e-child\" data-id=\"05b938a\" data-element_type=\"container\" data-e-type=\"container\">\n\t\t\t\t<div class=\"elementor-element elementor-element-735b1d9 elementor-widget elementor-widget-heading\" data-id=\"735b1d9\" data-element_type=\"widget\" data-e-type=\"widget\" data-widget_type=\"heading.default\">\n\t\t\t\t<div class=\"elementor-widget-container\">\n\t\t\t\t\t<h1 class=\"elementor-heading-title elementor-size-default\">Notre Equipe<\/h1>\t\t\t\t<\/div>\n\t\t\t\t<\/div>\n\t\t\t\t<\/div>\n\t\t\t\t\t<\/div>\n\t\t\t\t<\/div>\n\t\t<div class=\"elementor-element elementor-element-fh50uso e-flex e-con-boxed e-con e-parent\" data-id=\"fh50uso\" data-element_type=\"container\" data-e-type=\"container\">\n\t\t\t\t\t<div class=\"e-con-inner\">\n\t\t<div class=\"elementor-element elementor-element-1bb4ead e-con-full e-flex e-con e-child\" data-id=\"1bb4ead\" data-element_type=\"container\" data-e-type=\"container\">\n\t\t\t\t<div class=\"elementor-element elementor-element-9c40c94 elementor-widget__width-initial elementor-widget elementor-widget-image-box\" data-id=\"9c40c94\" data-element_type=\"widget\" data-e-type=\"widget\" data-widget_type=\"image-box.default\">\n\t\t\t\t<div class=\"elementor-widget-container\">\n\t\t\t\t\t<div class=\"elementor-image-box-wrapper\"><div class=\"elementor-image-box-content\"><div class=\"elementor-image-box-title\">Till Spillmann, Partner<\/div><p class=\"elementor-image-box-description\"><p class=\"MsoNormal\">Till Spillmann est cofondateur d'Argon Management. Il a dirig\u00e9 des investissements dans divers secteurs en tant que fondateur et pr\u00e9sident d'Actium AG. Avant cela, Till a exerc\u00e9 en tant qu'avocat sp\u00e9cialis\u00e9 dans les transactions et a \u00e9t\u00e9 partenaire dans des cabinets d'avocats suisses de premier plan, notamment Niederer Kraft Frey et B\u00e4r &amp; Karrer ou il a ex\u00e9cut\u00e9 plus de 100 transaction de fusion \/ acquisition et finance structur\u00e9e. Il a d\u00e9but\u00e9 sa carri\u00e8re chez McKinsey &amp; Company et Julius B\u00e4r, et a obtenu un doctorat en droit \u00e0 l'universit\u00e9 de Zurich. <\/p>till.spillmann@argonmgmt.com<br>+41 55 415 50 02<\/p><\/div><\/div>\t\t\t\t<\/div>\n\t\t\t\t<\/div>\n\t\t\t\t<\/div>\n\t\t<div class=\"elementor-element elementor-element-11f63ad e-con-full e-flex e-con e-child\" data-id=\"11f63ad\" data-element_type=\"container\" data-e-type=\"container\">\n\t\t\t\t<div class=\"elementor-element elementor-element-f6ecc00 elementor-widget elementor-widget-image\" data-id=\"f6ecc00\" data-element_type=\"widget\" data-e-type=\"widget\" data-widget_type=\"image.default\">\n\t\t\t\t<div class=\"elementor-widget-container\">\n\t\t\t\t\t\t\t\t\t\t\t\t\t\t\t<img fetchpriority=\"high\" decoding=\"async\" width=\"1024\" height=\"576\" src=\"https:\/\/argonmgmt.com\/wp-content\/uploads\/2024\/01\/4506Portait-1-WEBSITE-1024x576.jpg\" class=\"attachment-large size-large wp-image-1501\" alt=\"\" srcset=\"https:\/\/argonmgmt.com\/wp-content\/uploads\/2024\/01\/4506Portait-1-WEBSITE-1024x576.jpg 1024w, https:\/\/argonmgmt.com\/wp-content\/uploads\/2024\/01\/4506Portait-1-WEBSITE-300x169.jpg 300w, https:\/\/argonmgmt.com\/wp-content\/uploads\/2024\/01\/4506Portait-1-WEBSITE-768x432.jpg 768w, https:\/\/argonmgmt.com\/wp-content\/uploads\/2024\/01\/4506Portait-1-WEBSITE-1536x864.jpg 1536w, https:\/\/argonmgmt.com\/wp-content\/uploads\/2024\/01\/4506Portait-1-WEBSITE-2048x1152.jpg 2048w\" sizes=\"(max-width: 1024px) 100vw, 1024px\" \/>\t\t\t\t\t\t\t\t\t\t\t\t\t\t\t<\/div>\n\t\t\t\t<\/div>\n\t\t\t\t<\/div>\n\t\t\t\t\t<\/div>\n\t\t\t\t<\/div>\n\t\t<div class=\"elementor-element elementor-element-asjub7k e-flex e-con-boxed e-con e-parent\" data-id=\"asjub7k\" data-element_type=\"container\" data-e-type=\"container\">\n\t\t\t\t\t<div class=\"e-con-inner\">\n\t\t<div class=\"elementor-element elementor-element-c6a54c4 e-con-full e-flex e-con e-child\" data-id=\"c6a54c4\" data-element_type=\"container\" data-e-type=\"container\">\n\t\t\t\t<div class=\"elementor-element elementor-element-c880b4e elementor-widget elementor-widget-image\" data-id=\"c880b4e\" data-element_type=\"widget\" data-e-type=\"widget\" data-widget_type=\"image.default\">\n\t\t\t\t<div class=\"elementor-widget-container\">\n\t\t\t\t\t\t\t\t\t\t\t\t\t\t\t<img decoding=\"async\" width=\"1024\" height=\"579\" src=\"https:\/\/argonmgmt.com\/wp-content\/uploads\/2024\/01\/4515Portait-1-WEBSITE-1024x579.jpg\" class=\"attachment-large size-large wp-image-1503\" alt=\"\" srcset=\"https:\/\/argonmgmt.com\/wp-content\/uploads\/2024\/01\/4515Portait-1-WEBSITE-1024x579.jpg 1024w, https:\/\/argonmgmt.com\/wp-content\/uploads\/2024\/01\/4515Portait-1-WEBSITE-300x170.jpg 300w, https:\/\/argonmgmt.com\/wp-content\/uploads\/2024\/01\/4515Portait-1-WEBSITE-768x434.jpg 768w, https:\/\/argonmgmt.com\/wp-content\/uploads\/2024\/01\/4515Portait-1-WEBSITE-1536x868.jpg 1536w, https:\/\/argonmgmt.com\/wp-content\/uploads\/2024\/01\/4515Portait-1-WEBSITE-2048x1158.jpg 2048w\" sizes=\"(max-width: 1024px) 100vw, 1024px\" \/>\t\t\t\t\t\t\t\t\t\t\t\t\t\t\t<\/div>\n\t\t\t\t<\/div>\n\t\t\t\t<\/div>\n\t\t<div class=\"elementor-element elementor-element-0a70900 e-con-full e-flex e-con e-child\" data-id=\"0a70900\" data-element_type=\"container\" data-e-type=\"container\">\n\t\t\t\t<div class=\"elementor-element elementor-element-7370a36 elementor-widget elementor-widget-image-box\" data-id=\"7370a36\" data-element_type=\"widget\" data-e-type=\"widget\" data-widget_type=\"image-box.default\">\n\t\t\t\t<div class=\"elementor-widget-container\">\n\t\t\t\t\t<div class=\"elementor-image-box-wrapper\"><div class=\"elementor-image-box-content\"><div class=\"elementor-image-box-title\">Fredi Fischer, Partner<\/div><p class=\"elementor-image-box-description\"><p class=\"MsoNormal\">Fredi Fischer est cofondateur d'Argon Management. Il a d\u00e9velopp\u00e9 la pratique de situations sp\u00e9ciales chez Partners Group. Fredi est un professionnel chevronn\u00e9 de l'investissement, avec une expertise diversifi\u00e9e en equity, en dette, en redressement et en activisme sur les march\u00e9s publics et priv\u00e9s, acquise chez Partners Group et Cevian Capital. Son exp\u00e9rience en investissement couvre les secteurs des services aux entreprises, des bien de consomations, de l'industrie et des services financiers en Europe et aux \u00c9tats-Unis. Il a d\u00e9but\u00e9 chez Rothschild &amp; Co et d\u00e9tient une ma\u00eetrise en g\u00e9nie chimique et biologique de l'ETH de Zurich, ainsi qu'une ma\u00eetrise en finance de l'Imperial College de Londres. <br><br>fredi.fischer@argonmgmt.com<br>+41 55 415 50 03<\/p><\/div><\/div>\t\t\t\t<\/div>\n\t\t\t\t<\/div>\n\t\t\t\t<\/div>\n\t\t\t\t\t<\/div>\n\t\t\t\t<\/div>\n\t\t<div class=\"elementor-element elementor-element-6yen1id e-flex e-con-boxed e-con e-parent\" data-id=\"6yen1id\" data-element_type=\"container\" data-e-type=\"container\">\n\t\t\t\t\t<div class=\"e-con-inner\">\n\t\t<div class=\"elementor-element elementor-element-d1ba4fb e-con-full e-flex e-con e-child\" data-id=\"d1ba4fb\" data-element_type=\"container\" data-e-type=\"container\">\n\t\t\t\t<div class=\"elementor-element elementor-element-ac4b140 elementor-widget elementor-widget-image-box\" data-id=\"ac4b140\" data-element_type=\"widget\" data-e-type=\"widget\" data-widget_type=\"image-box.default\">\n\t\t\t\t<div class=\"elementor-widget-container\">\n\t\t\t\t\t<div class=\"elementor-image-box-wrapper\"><div class=\"elementor-image-box-content\"><div class=\"elementor-image-box-title\">Sacha Schroff, Partner<\/div><p class=\"elementor-image-box-description\"><p class=\"MsoNormal\">Sacha Schroff est cofondateur d'Argon Management AG. Il a travaill\u00e9 plusieurs ann\u00e9es dans le capital-investissement et les situations sp\u00e9ciales chez Partners Group. Sacha est un professionnel chevronn\u00e9 de l'investissement, avec une expertise diversifi\u00e9e en equity, en dette, en infrastructure et en redressement d'entreprises. Son exp\u00e9rience en investissement couvre les secteurs des services aux entreprises, de l'industrie, des services financiers et des bien de consomations en Europe et aux \u00c9tats-Unis. Il a \u00e9galement dirig\u00e9 divers programmes graduate europ\u00e9ens chez Partners Group. Avant cela, il a occup\u00e9 des postes chez SwissLife Asset Managers et au Cr\u00e9dit Suisse. Sacha est titulaire d'un master en comptabilit\u00e9 et finance de l'universit\u00e9 de Saint-Gall (HSG). <br><br>sacha.schroff@argonmgmt.com<br>+41 55 415 50 04<\/p><\/div><\/div>\t\t\t\t<\/div>\n\t\t\t\t<\/div>\n\t\t\t\t<\/div>\n\t\t<div class=\"elementor-element elementor-element-9c33f81 e-con-full e-flex e-con e-child\" data-id=\"9c33f81\" data-element_type=\"container\" data-e-type=\"container\">\n\t\t\t\t<div class=\"elementor-element elementor-element-08c0a55 elementor-widget elementor-widget-image\" data-id=\"08c0a55\" data-element_type=\"widget\" data-e-type=\"widget\" data-widget_type=\"image.default\">\n\t\t\t\t<div class=\"elementor-widget-container\">\n\t\t\t\t\t\t\t\t\t\t\t\t\t\t\t<img decoding=\"async\" width=\"1024\" height=\"577\" src=\"https:\/\/argonmgmt.com\/wp-content\/uploads\/2024\/01\/4526Portait-1-WEBSITE-1024x577.jpg\" class=\"attachment-large size-large wp-image-1505\" alt=\"\" srcset=\"https:\/\/argonmgmt.com\/wp-content\/uploads\/2024\/01\/4526Portait-1-WEBSITE-1024x577.jpg 1024w, https:\/\/argonmgmt.com\/wp-content\/uploads\/2024\/01\/4526Portait-1-WEBSITE-300x169.jpg 300w, https:\/\/argonmgmt.com\/wp-content\/uploads\/2024\/01\/4526Portait-1-WEBSITE-768x433.jpg 768w, https:\/\/argonmgmt.com\/wp-content\/uploads\/2024\/01\/4526Portait-1-WEBSITE-1536x865.jpg 1536w, https:\/\/argonmgmt.com\/wp-content\/uploads\/2024\/01\/4526Portait-1-WEBSITE-2048x1153.jpg 2048w\" sizes=\"(max-width: 1024px) 100vw, 1024px\" \/>\t\t\t\t\t\t\t\t\t\t\t\t\t\t\t<\/div>\n\t\t\t\t<\/div>\n\t\t\t\t<\/div>\n\t\t\t\t\t<\/div>\n\t\t\t\t<\/div>\n\t\t\t\t<\/div>\n\t\t","protected":false},"excerpt":{"rendered":"<p>Notre Equipe Till Spillmann, Partner Till Spillmann est cofondateur d&rsquo;Argon Management. Il a dirig\u00e9 des investissements dans divers secteurs en tant que fondateur et pr\u00e9sident d&rsquo;Actium AG. Avant cela, Till a exerc\u00e9 en tant qu&rsquo;avocat sp\u00e9cialis\u00e9 dans les transactions et a \u00e9t\u00e9 partenaire dans des cabinets d&rsquo;avocats suisses de premier plan, notamment Niederer Kraft Frey [&hellip;]<\/p>\n","protected":false},"author":1,"featured_media":0,"parent":0,"menu_order":0,"comment_status":"closed","ping_status":"closed","template":"","meta":{"_coblocks_attr":"","_coblocks_dimensions":"","_coblocks_responsive_height":"","_coblocks_accordion_ie_support":"","_monsterinsights_skip_tracking":false,"_monsterinsights_sitenote_active":false,"_monsterinsights_sitenote_note":"","_monsterinsights_sitenote_category":0,"site-sidebar-layout":"no-sidebar","site-content-layout":"page-builder","ast-site-content-layout":"default","site-content-style":"default","site-sidebar-style":"default","ast-global-header-display":"","ast-banner-title-visibility":"","ast-main-header-display":"","ast-hfb-above-header-display":"","ast-hfb-below-header-display":"","ast-hfb-mobile-header-display":"","site-post-title":"disabled","ast-breadcrumbs-content":"","ast-featured-img":"","footer-sml-layout":"","ast-disable-related-posts":"","theme-transparent-header-meta":"enabled","adv-header-id-meta":"","stick-header-meta":"","header-above-stick-meta":"","header-main-stick-meta":"","header-below-stick-meta":"","astra-migrate-meta-layouts":"default","ast-page-background-enabled":"default","ast-page-background-meta":{"desktop":{"background-color":"","background-image":"","background-repeat":"repeat","background-position":"center center","background-size":"auto","background-attachment":"scroll","background-type":"","background-media":"","overlay-type":"","overlay-color":"","overlay-opacity":"","overlay-gradient":""},"tablet":{"background-color":"","background-image":"","background-repeat":"repeat","background-position":"center center","background-size":"auto","background-attachment":"scroll","background-type":"","background-media":"","overlay-type":"","overlay-color":"","overlay-opacity":"","overlay-gradient":""},"mobile":{"background-color":"","background-image":"","background-repeat":"repeat","background-position":"center center","background-size":"auto","background-attachment":"scroll","background-type":"","background-media":"","overlay-type":"","overlay-color":"","overlay-opacity":"","overlay-gradient":""}},"ast-content-background-meta":{"desktop":{"background-color":"var(--ast-global-color-5)","background-image":"","background-repeat":"repeat","background-position":"center center","background-size":"auto","background-attachment":"scroll","background-type":"","background-media":"","overlay-type":"","overlay-color":"","overlay-opacity":"","overlay-gradient":""},"tablet":{"background-color":"var(--ast-global-color-5)","background-image":"","background-repeat":"repeat","background-position":"center center","background-size":"auto","background-attachment":"scroll","background-type":"","background-media":"","overlay-type":"","overlay-color":"","overlay-opacity":"","overlay-gradient":""},"mobile":{"background-color":"var(--ast-global-color-5)","background-image":"","background-repeat":"repeat","background-position":"center center","background-size":"auto","background-attachment":"scroll","background-type":"","background-media":"","overlay-type":"","overlay-color":"","overlay-opacity":"","overlay-gradient":""}},"footnotes":""},"class_list":["post-1529","page","type-page","status-publish","hentry"],"yoast_head":"<!-- This site is optimized with the Yoast SEO plugin v27.4 - https:\/\/yoast.com\/product\/yoast-seo-wordpress\/ -->\n<title>Notre Equipe - Argon Management<\/title>\n<meta name=\"robots\" content=\"index, follow, max-snippet:-1, max-image-preview:large, max-video-preview:-1\" \/>\n<link rel=\"canonical\" href=\"https:\/\/argonmgmt.com\/fr\/notre-equipe\/\" \/>\n<meta property=\"og:locale\" content=\"fr_FR\" \/>\n<meta property=\"og:type\" content=\"article\" \/>\n<meta property=\"og:title\" content=\"Notre Equipe - Argon Management\" \/>\n<meta property=\"og:description\" content=\"Notre Equipe Till Spillmann, Partner Till Spillmann est cofondateur d&rsquo;Argon Management. Il a dirig\u00e9 des investissements dans divers secteurs en tant que fondateur et pr\u00e9sident d&rsquo;Actium AG. Avant cela, Till a exerc\u00e9 en tant qu&rsquo;avocat sp\u00e9cialis\u00e9 dans les transactions et a \u00e9t\u00e9 partenaire dans des cabinets d&rsquo;avocats suisses de premier plan, notamment Niederer Kraft Frey [&hellip;]\" \/>\n<meta property=\"og:url\" content=\"https:\/\/argonmgmt.com\/fr\/notre-equipe\/\" \/>\n<meta property=\"og:site_name\" content=\"Argon Management\" \/>\n<meta property=\"article:modified_time\" content=\"2025-03-18T12:36:06+00:00\" \/>\n<meta property=\"og:image\" content=\"https:\/\/argonmgmt.com\/wp-content\/uploads\/2024\/01\/4506Portait-1-WEBSITE-scaled.jpg\" \/>\n\t<meta property=\"og:image:width\" content=\"2560\" \/>\n\t<meta property=\"og:image:height\" content=\"1440\" \/>\n\t<meta property=\"og:image:type\" content=\"image\/jpeg\" \/>\n<meta name=\"twitter:card\" content=\"summary_large_image\" \/>\n<meta name=\"twitter:label1\" content=\"Dur\u00e9e de lecture estim\u00e9e\" \/>\n\t<meta name=\"twitter:data1\" content=\"2 minutes\" \/>\n<script type=\"application\/ld+json\" class=\"yoast-schema-graph\">{\"@context\":\"https:\\\/\\\/schema.org\",\"@graph\":[{\"@type\":\"WebPage\",\"@id\":\"https:\\\/\\\/argonmgmt.com\\\/fr\\\/notre-equipe\\\/\",\"url\":\"https:\\\/\\\/argonmgmt.com\\\/fr\\\/notre-equipe\\\/\",\"name\":\"Notre Equipe - Argon Management\",\"isPartOf\":{\"@id\":\"https:\\\/\\\/argonmgmt.com\\\/fr\\\/#website\"},\"primaryImageOfPage\":{\"@id\":\"https:\\\/\\\/argonmgmt.com\\\/fr\\\/notre-equipe\\\/#primaryimage\"},\"image\":{\"@id\":\"https:\\\/\\\/argonmgmt.com\\\/fr\\\/notre-equipe\\\/#primaryimage\"},\"thumbnailUrl\":\"https:\\\/\\\/argonmgmt.com\\\/wp-content\\\/uploads\\\/2024\\\/01\\\/4506Portait-1-WEBSITE-1024x576.jpg\",\"datePublished\":\"2020-04-13T11:18:48+00:00\",\"dateModified\":\"2025-03-18T12:36:06+00:00\",\"breadcrumb\":{\"@id\":\"https:\\\/\\\/argonmgmt.com\\\/fr\\\/notre-equipe\\\/#breadcrumb\"},\"inLanguage\":\"fr-FR\",\"potentialAction\":[{\"@type\":\"ReadAction\",\"target\":[\"https:\\\/\\\/argonmgmt.com\\\/fr\\\/notre-equipe\\\/\"]}]},{\"@type\":\"ImageObject\",\"inLanguage\":\"fr-FR\",\"@id\":\"https:\\\/\\\/argonmgmt.com\\\/fr\\\/notre-equipe\\\/#primaryimage\",\"url\":\"https:\\\/\\\/argonmgmt.com\\\/wp-content\\\/uploads\\\/2024\\\/01\\\/4506Portait-1-WEBSITE-1024x576.jpg\",\"contentUrl\":\"https:\\\/\\\/argonmgmt.com\\\/wp-content\\\/uploads\\\/2024\\\/01\\\/4506Portait-1-WEBSITE-1024x576.jpg\"},{\"@type\":\"BreadcrumbList\",\"@id\":\"https:\\\/\\\/argonmgmt.com\\\/fr\\\/notre-equipe\\\/#breadcrumb\",\"itemListElement\":[{\"@type\":\"ListItem\",\"position\":1,\"name\":\"Home\",\"item\":\"https:\\\/\\\/argonmgmt.com\\\/fr\\\/accueil\\\/\"},{\"@type\":\"ListItem\",\"position\":2,\"name\":\"Notre Equipe\"}]},{\"@type\":\"WebSite\",\"@id\":\"https:\\\/\\\/argonmgmt.com\\\/fr\\\/#website\",\"url\":\"https:\\\/\\\/argonmgmt.com\\\/fr\\\/\",\"name\":\"Argon Management\",\"description\":\"\",\"publisher\":{\"@id\":\"https:\\\/\\\/argonmgmt.com\\\/fr\\\/#organization\"},\"potentialAction\":[{\"@type\":\"SearchAction\",\"target\":{\"@type\":\"EntryPoint\",\"urlTemplate\":\"https:\\\/\\\/argonmgmt.com\\\/fr\\\/?s={search_term_string}\"},\"query-input\":{\"@type\":\"PropertyValueSpecification\",\"valueRequired\":true,\"valueName\":\"search_term_string\"}}],\"inLanguage\":\"fr-FR\"},{\"@type\":\"Organization\",\"@id\":\"https:\\\/\\\/argonmgmt.com\\\/fr\\\/#organization\",\"name\":\"Argon Management\",\"url\":\"https:\\\/\\\/argonmgmt.com\\\/fr\\\/\",\"logo\":{\"@type\":\"ImageObject\",\"inLanguage\":\"fr-FR\",\"@id\":\"https:\\\/\\\/argonmgmt.com\\\/fr\\\/#\\\/schema\\\/logo\\\/image\\\/\",\"url\":\"https:\\\/\\\/argonmgmt.com\\\/wp-content\\\/uploads\\\/2023\\\/12\\\/Full-Logo_nobackground.png\",\"contentUrl\":\"https:\\\/\\\/argonmgmt.com\\\/wp-content\\\/uploads\\\/2023\\\/12\\\/Full-Logo_nobackground.png\",\"width\":2452,\"height\":566,\"caption\":\"Argon Management\"},\"image\":{\"@id\":\"https:\\\/\\\/argonmgmt.com\\\/fr\\\/#\\\/schema\\\/logo\\\/image\\\/\"}}]}<\/script>\n<!-- \/ Yoast SEO plugin. -->","yoast_head_json":{"title":"Notre Equipe - Argon Management","robots":{"index":"index","follow":"follow","max-snippet":"max-snippet:-1","max-image-preview":"max-image-preview:large","max-video-preview":"max-video-preview:-1"},"canonical":"https:\/\/argonmgmt.com\/fr\/notre-equipe\/","og_locale":"fr_FR","og_type":"article","og_title":"Notre Equipe - Argon Management","og_description":"Notre Equipe Till Spillmann, Partner Till Spillmann est cofondateur d&rsquo;Argon Management. Il a dirig\u00e9 des investissements dans divers secteurs en tant que fondateur et pr\u00e9sident d&rsquo;Actium AG. Avant cela, Till a exerc\u00e9 en tant qu&rsquo;avocat sp\u00e9cialis\u00e9 dans les transactions et a \u00e9t\u00e9 partenaire dans des cabinets d&rsquo;avocats suisses de premier plan, notamment Niederer Kraft Frey [&hellip;]","og_url":"https:\/\/argonmgmt.com\/fr\/notre-equipe\/","og_site_name":"Argon Management","article_modified_time":"2025-03-18T12:36:06+00:00","og_image":[{"width":2560,"height":1440,"url":"https:\/\/argonmgmt.com\/wp-content\/uploads\/2024\/01\/4506Portait-1-WEBSITE-scaled.jpg","type":"image\/jpeg"}],"twitter_card":"summary_large_image","twitter_misc":{"Dur\u00e9e de lecture estim\u00e9e":"2 minutes"},"schema":{"@context":"https:\/\/schema.org","@graph":[{"@type":"WebPage","@id":"https:\/\/argonmgmt.com\/fr\/notre-equipe\/","url":"https:\/\/argonmgmt.com\/fr\/notre-equipe\/","name":"Notre Equipe - Argon Management","isPartOf":{"@id":"https:\/\/argonmgmt.com\/fr\/#website"},"primaryImageOfPage":{"@id":"https:\/\/argonmgmt.com\/fr\/notre-equipe\/#primaryimage"},"image":{"@id":"https:\/\/argonmgmt.com\/fr\/notre-equipe\/#primaryimage"},"thumbnailUrl":"https:\/\/argonmgmt.com\/wp-content\/uploads\/2024\/01\/4506Portait-1-WEBSITE-1024x576.jpg","datePublished":"2020-04-13T11:18:48+00:00","dateModified":"2025-03-18T12:36:06+00:00","breadcrumb":{"@id":"https:\/\/argonmgmt.com\/fr\/notre-equipe\/#breadcrumb"},"inLanguage":"fr-FR","potentialAction":[{"@type":"ReadAction","target":["https:\/\/argonmgmt.com\/fr\/notre-equipe\/"]}]},{"@type":"ImageObject","inLanguage":"fr-FR","@id":"https:\/\/argonmgmt.com\/fr\/notre-equipe\/#primaryimage","url":"https:\/\/argonmgmt.com\/wp-content\/uploads\/2024\/01\/4506Portait-1-WEBSITE-1024x576.jpg","contentUrl":"https:\/\/argonmgmt.com\/wp-content\/uploads\/2024\/01\/4506Portait-1-WEBSITE-1024x576.jpg"},{"@type":"BreadcrumbList","@id":"https:\/\/argonmgmt.com\/fr\/notre-equipe\/#breadcrumb","itemListElement":[{"@type":"ListItem","position":1,"name":"Home","item":"https:\/\/argonmgmt.com\/fr\/accueil\/"},{"@type":"ListItem","position":2,"name":"Notre Equipe"}]},{"@type":"WebSite","@id":"https:\/\/argonmgmt.com\/fr\/#website","url":"https:\/\/argonmgmt.com\/fr\/","name":"Argon Management","description":"","publisher":{"@id":"https:\/\/argonmgmt.com\/fr\/#organization"},"potentialAction":[{"@type":"SearchAction","target":{"@type":"EntryPoint","urlTemplate":"https:\/\/argonmgmt.com\/fr\/?s={search_term_string}"},"query-input":{"@type":"PropertyValueSpecification","valueRequired":true,"valueName":"search_term_string"}}],"inLanguage":"fr-FR"},{"@type":"Organization","@id":"https:\/\/argonmgmt.com\/fr\/#organization","name":"Argon Management","url":"https:\/\/argonmgmt.com\/fr\/","logo":{"@type":"ImageObject","inLanguage":"fr-FR","@id":"https:\/\/argonmgmt.com\/fr\/#\/schema\/logo\/image\/","url":"https:\/\/argonmgmt.com\/wp-content\/uploads\/2023\/12\/Full-Logo_nobackground.png","contentUrl":"https:\/\/argonmgmt.com\/wp-content\/uploads\/2023\/12\/Full-Logo_nobackground.png","width":2452,"height":566,"caption":"Argon Management"},"image":{"@id":"https:\/\/argonmgmt.com\/fr\/#\/schema\/logo\/image\/"}}]}},"_links":{"self":[{"href":"https:\/\/argonmgmt.com\/fr\/wp-json\/wp\/v2\/pages\/1529","targetHints":{"allow":["GET"]}}],"collection":[{"href":"https:\/\/argonmgmt.com\/fr\/wp-json\/wp\/v2\/pages"}],"about":[{"href":"https:\/\/argonmgmt.com\/fr\/wp-json\/wp\/v2\/types\/page"}],"author":[{"embeddable":true,"href":"https:\/\/argonmgmt.com\/fr\/wp-json\/wp\/v2\/users\/1"}],"replies":[{"embeddable":true,"href":"https:\/\/argonmgmt.com\/fr\/wp-json\/wp\/v2\/comments?post=1529"}],"version-history":[{"count":5,"href":"https:\/\/argonmgmt.com\/fr\/wp-json\/wp\/v2\/pages\/1529\/revisions"}],"predecessor-version":[{"id":1601,"href":"https:\/\/argonmgmt.com\/fr\/wp-json\/wp\/v2\/pages\/1529\/revisions\/1601"}],"wp:attachment":[{"href":"https:\/\/argonmgmt.com\/fr\/wp-json\/wp\/v2\/media?parent=1529"}],"curies":[{"name":"wp","href":"https:\/\/api.w.org\/{rel}","templated":true}]}}