{"id":1532,"date":"2020-04-13T11:18:48","date_gmt":"2020-04-13T11:18:48","guid":{"rendered":"https:\/\/argonmgmt.com\/wer-wir-sind\/"},"modified":"2025-10-30T20:40:30","modified_gmt":"2025-10-30T20:40:30","slug":"wer-wir-sind","status":"publish","type":"page","link":"https:\/\/argonmgmt.com\/de\/wer-wir-sind\/","title":{"rendered":"Wer wir sind"},"content":{"rendered":"\t\t<div data-elementor-type=\"wp-page\" data-elementor-id=\"1532\" class=\"elementor elementor-1532 elementor-216\">\n\t\t\t\t<div class=\"elementor-element elementor-element-badc950 e-flex e-con-boxed e-con e-parent\" data-id=\"badc950\" data-element_type=\"container\" data-e-type=\"container\" data-settings=\"{&quot;background_background&quot;:&quot;classic&quot;}\">\n\t\t\t\t\t<div class=\"e-con-inner\">\n\t\t<div class=\"elementor-element elementor-element-05b938a e-con-full e-flex e-con e-child\" data-id=\"05b938a\" data-element_type=\"container\" data-e-type=\"container\">\n\t\t\t\t<div class=\"elementor-element elementor-element-735b1d9 elementor-widget elementor-widget-heading\" data-id=\"735b1d9\" data-element_type=\"widget\" data-e-type=\"widget\" data-widget_type=\"heading.default\">\n\t\t\t\t<div class=\"elementor-widget-container\">\n\t\t\t\t\t<h1 class=\"elementor-heading-title elementor-size-default\">Wer wir sind<\/h1>\t\t\t\t<\/div>\n\t\t\t\t<\/div>\n\t\t\t\t<\/div>\n\t\t\t\t\t<\/div>\n\t\t\t\t<\/div>\n\t\t<div class=\"elementor-element elementor-element-fh50uso e-flex e-con-boxed e-con e-parent\" data-id=\"fh50uso\" data-element_type=\"container\" data-e-type=\"container\">\n\t\t\t\t\t<div class=\"e-con-inner\">\n\t\t<div class=\"elementor-element elementor-element-1bb4ead e-con-full e-flex e-con e-child\" data-id=\"1bb4ead\" data-element_type=\"container\" data-e-type=\"container\">\n\t\t\t\t<div class=\"elementor-element elementor-element-9c40c94 elementor-widget__width-initial elementor-widget elementor-widget-image-box\" data-id=\"9c40c94\" data-element_type=\"widget\" data-e-type=\"widget\" data-widget_type=\"image-box.default\">\n\t\t\t\t<div class=\"elementor-widget-container\">\n\t\t\t\t\t<div class=\"elementor-image-box-wrapper\"><div class=\"elementor-image-box-content\"><div class=\"elementor-image-box-title\">Till Spillmann, Partner<\/div><p class=\"elementor-image-box-description\"><p class=\"MsoNormal\">Dr. Till Spillmann ist Mitbegr\u00fcnder von Argon Management. Vor der Gr\u00fcndung von Argon Management leitete Till als Vorsitzender der Actium AG Investitionen in einer Vielzahl von Branchen und Situationen. Till war mehrere Jahre als Wirtschaftsanwalt und Partner bei den Schweizer Tier-1-Kanzleien Niederer Kraft Frey und B\u00e4r &amp; Karrer t\u00e4tig. Till begann seine Karriere bei McKinsey &amp; Company und Julius B\u00e4r und schloss sein Studium der Rechtswissenschaften mit Doktorat an der Universit\u00e4t Z\u00fcrich ab. <\/p>till.spillmann@argonmgmt.com<br>+41 55 415 50 02<\/p><\/div><\/div>\t\t\t\t<\/div>\n\t\t\t\t<\/div>\n\t\t\t\t<\/div>\n\t\t<div class=\"elementor-element elementor-element-11f63ad e-con-full e-flex e-con e-child\" data-id=\"11f63ad\" data-element_type=\"container\" data-e-type=\"container\">\n\t\t\t\t<div class=\"elementor-element elementor-element-f6ecc00 elementor-widget elementor-widget-image\" data-id=\"f6ecc00\" data-element_type=\"widget\" data-e-type=\"widget\" data-widget_type=\"image.default\">\n\t\t\t\t<div class=\"elementor-widget-container\">\n\t\t\t\t\t\t\t\t\t\t\t\t\t\t\t<img fetchpriority=\"high\" decoding=\"async\" width=\"1024\" height=\"576\" src=\"https:\/\/argonmgmt.com\/wp-content\/uploads\/2024\/01\/4506Portait-1-WEBSITE-1024x576.jpg\" class=\"attachment-large size-large wp-image-1502\" alt=\"\" srcset=\"https:\/\/argonmgmt.com\/wp-content\/uploads\/2024\/01\/4506Portait-1-WEBSITE-1024x576.jpg 1024w, https:\/\/argonmgmt.com\/wp-content\/uploads\/2024\/01\/4506Portait-1-WEBSITE-300x169.jpg 300w, https:\/\/argonmgmt.com\/wp-content\/uploads\/2024\/01\/4506Portait-1-WEBSITE-768x432.jpg 768w, https:\/\/argonmgmt.com\/wp-content\/uploads\/2024\/01\/4506Portait-1-WEBSITE-1536x864.jpg 1536w, https:\/\/argonmgmt.com\/wp-content\/uploads\/2024\/01\/4506Portait-1-WEBSITE-2048x1152.jpg 2048w\" sizes=\"(max-width: 1024px) 100vw, 1024px\" \/>\t\t\t\t\t\t\t\t\t\t\t\t\t\t\t<\/div>\n\t\t\t\t<\/div>\n\t\t\t\t<\/div>\n\t\t\t\t\t<\/div>\n\t\t\t\t<\/div>\n\t\t<div class=\"elementor-element elementor-element-asjub7k e-flex e-con-boxed e-con e-parent\" data-id=\"asjub7k\" data-element_type=\"container\" data-e-type=\"container\">\n\t\t\t\t\t<div class=\"e-con-inner\">\n\t\t<div class=\"elementor-element elementor-element-c6a54c4 e-con-full e-flex e-con e-child\" data-id=\"c6a54c4\" data-element_type=\"container\" data-e-type=\"container\">\n\t\t\t\t<div class=\"elementor-element elementor-element-c880b4e elementor-widget elementor-widget-image\" data-id=\"c880b4e\" data-element_type=\"widget\" data-e-type=\"widget\" data-widget_type=\"image.default\">\n\t\t\t\t<div class=\"elementor-widget-container\">\n\t\t\t\t\t\t\t\t\t\t\t\t\t\t\t<img decoding=\"async\" width=\"1024\" height=\"579\" src=\"https:\/\/argonmgmt.com\/wp-content\/uploads\/2024\/01\/4515Portait-1-WEBSITE-1024x579.jpg\" class=\"attachment-large size-large wp-image-1504\" alt=\"\" srcset=\"https:\/\/argonmgmt.com\/wp-content\/uploads\/2024\/01\/4515Portait-1-WEBSITE-1024x579.jpg 1024w, https:\/\/argonmgmt.com\/wp-content\/uploads\/2024\/01\/4515Portait-1-WEBSITE-300x170.jpg 300w, https:\/\/argonmgmt.com\/wp-content\/uploads\/2024\/01\/4515Portait-1-WEBSITE-768x434.jpg 768w, https:\/\/argonmgmt.com\/wp-content\/uploads\/2024\/01\/4515Portait-1-WEBSITE-1536x868.jpg 1536w, https:\/\/argonmgmt.com\/wp-content\/uploads\/2024\/01\/4515Portait-1-WEBSITE-2048x1158.jpg 2048w\" sizes=\"(max-width: 1024px) 100vw, 1024px\" \/>\t\t\t\t\t\t\t\t\t\t\t\t\t\t\t<\/div>\n\t\t\t\t<\/div>\n\t\t\t\t<\/div>\n\t\t<div class=\"elementor-element elementor-element-0a70900 e-con-full e-flex e-con e-child\" data-id=\"0a70900\" data-element_type=\"container\" data-e-type=\"container\">\n\t\t\t\t<div class=\"elementor-element elementor-element-7370a36 elementor-widget elementor-widget-image-box\" data-id=\"7370a36\" data-element_type=\"widget\" data-e-type=\"widget\" data-widget_type=\"image-box.default\">\n\t\t\t\t<div class=\"elementor-widget-container\">\n\t\t\t\t\t<div class=\"elementor-image-box-wrapper\"><div class=\"elementor-image-box-content\"><div class=\"elementor-image-box-title\">Fredi Fischer, Partner<\/div><p class=\"elementor-image-box-description\"><p class=\"MsoNormal\">Fredi Fischer ist Mitbegr\u00fcnder von Argon Management. Bevor er Argon Management gr\u00fcndete, verbrachte Fredi mehrere Jahre mit dem Aufbau des Bereichs Sondersituationen bei Partners Group. Fredi ist ein versierter Investmentprofi mit Erfahrung in den Bereichen Eigenkapital, Fremdkapital, Turnaround und aktivistische Investitionen in \u00f6ffentlichen und privaten M\u00e4rkten, die er bei Partners Group und Cevian Capital gesammelt hat. Er verf\u00fcgt \u00fcber Anlageerfahrung in den Bereichen Konsumg\u00fcter, Dienstleistungen, Industriewerte und Finanzwerte in Europa und den USA. Er begann seine Karriere bei Rothschild &amp; Co und schloss sein Studium der Chemie- und Bioingenieurwissenschaften an der ETH Z\u00fcrich und der Finanzwissenschaften am Imperial College London ab. <br><br>fredi.fischer@argonmgmt.com<br>+41 55 415 50 03<\/p><\/div><\/div>\t\t\t\t<\/div>\n\t\t\t\t<\/div>\n\t\t\t\t<\/div>\n\t\t\t\t\t<\/div>\n\t\t\t\t<\/div>\n\t\t<div class=\"elementor-element elementor-element-6yen1id e-flex e-con-boxed e-con e-parent\" data-id=\"6yen1id\" data-element_type=\"container\" data-e-type=\"container\">\n\t\t\t\t\t<div class=\"e-con-inner\">\n\t\t<div class=\"elementor-element elementor-element-d1ba4fb e-con-full e-flex e-con e-child\" data-id=\"d1ba4fb\" data-element_type=\"container\" data-e-type=\"container\">\n\t\t\t\t<div class=\"elementor-element elementor-element-ac4b140 elementor-widget elementor-widget-image-box\" data-id=\"ac4b140\" data-element_type=\"widget\" data-e-type=\"widget\" data-widget_type=\"image-box.default\">\n\t\t\t\t<div class=\"elementor-widget-container\">\n\t\t\t\t\t<div class=\"elementor-image-box-wrapper\"><div class=\"elementor-image-box-content\"><div class=\"elementor-image-box-title\">Sacha Schroff, Partner<\/div><p class=\"elementor-image-box-description\"><p class=\"MsoNormal\">Sacha Schroff ist Mitbegr\u00fcnder von Argon Management. Vor der Gr\u00fcndung von Argon Management, arbeitete er mehrere Jahre in den Bereichen Private Equity und Special Situations bei der Partners Group. Sacha ist ein versierter Investmentprofi mit Erfahrung in den Bereichen Eigenkapital, Fremdkapital, Infrastruktur und Turnaround-Investitionen. Er verf\u00fcgt \u00fcber Anlageerfahrung in den Bereichen Konsumg\u00fcter, Industrie, Dienstleistungen und Finanzwerte in Europa und den USA. Dar\u00fcber hinaus leitete er europ\u00e4ische Personalentwicklungsprogramme bei Partners Group. Zuvor war er bei SwissLife Asset Managers und Credit Suisse t\u00e4tig. Sacha hat einen Master in Accounting and Finance von der Universit\u00e4t St. Gallen. <br><br>sacha.schroff@argonmgmt.com<br>+41 55 415 50 04<\/p><\/div><\/div>\t\t\t\t<\/div>\n\t\t\t\t<\/div>\n\t\t\t\t<\/div>\n\t\t<div class=\"elementor-element elementor-element-9c33f81 e-con-full e-flex e-con e-child\" data-id=\"9c33f81\" data-element_type=\"container\" data-e-type=\"container\">\n\t\t\t\t<div class=\"elementor-element elementor-element-08c0a55 elementor-widget elementor-widget-image\" data-id=\"08c0a55\" data-element_type=\"widget\" data-e-type=\"widget\" data-widget_type=\"image.default\">\n\t\t\t\t<div class=\"elementor-widget-container\">\n\t\t\t\t\t\t\t\t\t\t\t\t\t\t\t<img decoding=\"async\" width=\"1024\" height=\"577\" src=\"https:\/\/argonmgmt.com\/wp-content\/uploads\/2024\/01\/4526Portait-1-WEBSITE-1024x577.jpg\" class=\"attachment-large size-large wp-image-1506\" alt=\"\" srcset=\"https:\/\/argonmgmt.com\/wp-content\/uploads\/2024\/01\/4526Portait-1-WEBSITE-1024x577.jpg 1024w, https:\/\/argonmgmt.com\/wp-content\/uploads\/2024\/01\/4526Portait-1-WEBSITE-300x169.jpg 300w, https:\/\/argonmgmt.com\/wp-content\/uploads\/2024\/01\/4526Portait-1-WEBSITE-768x433.jpg 768w, https:\/\/argonmgmt.com\/wp-content\/uploads\/2024\/01\/4526Portait-1-WEBSITE-1536x865.jpg 1536w, https:\/\/argonmgmt.com\/wp-content\/uploads\/2024\/01\/4526Portait-1-WEBSITE-2048x1153.jpg 2048w\" sizes=\"(max-width: 1024px) 100vw, 1024px\" \/>\t\t\t\t\t\t\t\t\t\t\t\t\t\t\t<\/div>\n\t\t\t\t<\/div>\n\t\t\t\t<\/div>\n\t\t\t\t\t<\/div>\n\t\t\t\t<\/div>\n\t\t\t\t<\/div>\n\t\t","protected":false},"excerpt":{"rendered":"<p>Wer wir sind Till Spillmann, Partner Dr. Till Spillmann ist Mitbegr\u00fcnder von Argon Management. Vor der Gr\u00fcndung von Argon Management leitete Till als Vorsitzender der Actium AG Investitionen in einer Vielzahl von Branchen und Situationen. Till war mehrere Jahre als Wirtschaftsanwalt und Partner bei den Schweizer Tier-1-Kanzleien Niederer Kraft Frey und B\u00e4r &amp; Karrer t\u00e4tig. [&hellip;]<\/p>\n","protected":false},"author":1,"featured_media":0,"parent":0,"menu_order":0,"comment_status":"closed","ping_status":"closed","template":"","meta":{"_coblocks_attr":"","_coblocks_dimensions":"","_coblocks_responsive_height":"","_coblocks_accordion_ie_support":"","_monsterinsights_skip_tracking":false,"_monsterinsights_sitenote_active":false,"_monsterinsights_sitenote_note":"","_monsterinsights_sitenote_category":0,"site-sidebar-layout":"no-sidebar","site-content-layout":"page-builder","ast-site-content-layout":"default","site-content-style":"default","site-sidebar-style":"default","ast-global-header-display":"","ast-banner-title-visibility":"","ast-main-header-display":"","ast-hfb-above-header-display":"","ast-hfb-below-header-display":"","ast-hfb-mobile-header-display":"","site-post-title":"disabled","ast-breadcrumbs-content":"","ast-featured-img":"","footer-sml-layout":"","ast-disable-related-posts":"","theme-transparent-header-meta":"enabled","adv-header-id-meta":"","stick-header-meta":"","header-above-stick-meta":"","header-main-stick-meta":"","header-below-stick-meta":"","astra-migrate-meta-layouts":"default","ast-page-background-enabled":"default","ast-page-background-meta":{"desktop":{"background-color":"","background-image":"","background-repeat":"repeat","background-position":"center center","background-size":"auto","background-attachment":"scroll","background-type":"","background-media":"","overlay-type":"","overlay-color":"","overlay-opacity":"","overlay-gradient":""},"tablet":{"background-color":"","background-image":"","background-repeat":"repeat","background-position":"center center","background-size":"auto","background-attachment":"scroll","background-type":"","background-media":"","overlay-type":"","overlay-color":"","overlay-opacity":"","overlay-gradient":""},"mobile":{"background-color":"","background-image":"","background-repeat":"repeat","background-position":"center center","background-size":"auto","background-attachment":"scroll","background-type":"","background-media":"","overlay-type":"","overlay-color":"","overlay-opacity":"","overlay-gradient":""}},"ast-content-background-meta":{"desktop":{"background-color":"var(--ast-global-color-5)","background-image":"","background-repeat":"repeat","background-position":"center center","background-size":"auto","background-attachment":"scroll","background-type":"","background-media":"","overlay-type":"","overlay-color":"","overlay-opacity":"","overlay-gradient":""},"tablet":{"background-color":"var(--ast-global-color-5)","background-image":"","background-repeat":"repeat","background-position":"center center","background-size":"auto","background-attachment":"scroll","background-type":"","background-media":"","overlay-type":"","overlay-color":"","overlay-opacity":"","overlay-gradient":""},"mobile":{"background-color":"var(--ast-global-color-5)","background-image":"","background-repeat":"repeat","background-position":"center center","background-size":"auto","background-attachment":"scroll","background-type":"","background-media":"","overlay-type":"","overlay-color":"","overlay-opacity":"","overlay-gradient":""}},"footnotes":""},"class_list":["post-1532","page","type-page","status-publish","hentry"],"yoast_head":"<!-- This site is optimized with the Yoast SEO plugin v27.4 - https:\/\/yoast.com\/product\/yoast-seo-wordpress\/ -->\n<title>Wer wir sind - Argon Management<\/title>\n<meta name=\"robots\" content=\"index, follow, max-snippet:-1, max-image-preview:large, max-video-preview:-1\" \/>\n<link rel=\"canonical\" href=\"https:\/\/argonmgmt.com\/de\/wer-wir-sind\/\" \/>\n<meta property=\"og:locale\" content=\"de_DE\" \/>\n<meta property=\"og:type\" content=\"article\" \/>\n<meta property=\"og:title\" content=\"Wer wir sind - Argon Management\" \/>\n<meta property=\"og:description\" content=\"Wer wir sind Till Spillmann, Partner Dr. Till Spillmann ist Mitbegr\u00fcnder von Argon Management. Vor der Gr\u00fcndung von Argon Management leitete Till als Vorsitzender der Actium AG Investitionen in einer Vielzahl von Branchen und Situationen. Till war mehrere Jahre als Wirtschaftsanwalt und Partner bei den Schweizer Tier-1-Kanzleien Niederer Kraft Frey und B\u00e4r &amp; Karrer t\u00e4tig. [&hellip;]\" \/>\n<meta property=\"og:url\" content=\"https:\/\/argonmgmt.com\/de\/wer-wir-sind\/\" \/>\n<meta property=\"og:site_name\" content=\"Argon Management\" \/>\n<meta property=\"article:modified_time\" content=\"2025-10-30T20:40:30+00:00\" \/>\n<meta property=\"og:image\" content=\"https:\/\/argonmgmt.com\/wp-content\/uploads\/2024\/01\/4506Portait-1-WEBSITE-scaled.jpg\" \/>\n\t<meta property=\"og:image:width\" content=\"2560\" \/>\n\t<meta property=\"og:image:height\" content=\"1440\" \/>\n\t<meta property=\"og:image:type\" content=\"image\/jpeg\" \/>\n<meta name=\"twitter:card\" content=\"summary_large_image\" \/>\n<meta name=\"twitter:label1\" content=\"Gesch\u00e4tzte Lesezeit\" \/>\n\t<meta name=\"twitter:data1\" content=\"2\u00a0Minuten\" \/>\n<script type=\"application\/ld+json\" class=\"yoast-schema-graph\">{\"@context\":\"https:\\\/\\\/schema.org\",\"@graph\":[{\"@type\":\"WebPage\",\"@id\":\"https:\\\/\\\/argonmgmt.com\\\/de\\\/wer-wir-sind\\\/\",\"url\":\"https:\\\/\\\/argonmgmt.com\\\/de\\\/wer-wir-sind\\\/\",\"name\":\"Wer wir sind - Argon Management\",\"isPartOf\":{\"@id\":\"https:\\\/\\\/argonmgmt.com\\\/de\\\/#website\"},\"primaryImageOfPage\":{\"@id\":\"https:\\\/\\\/argonmgmt.com\\\/de\\\/wer-wir-sind\\\/#primaryimage\"},\"image\":{\"@id\":\"https:\\\/\\\/argonmgmt.com\\\/de\\\/wer-wir-sind\\\/#primaryimage\"},\"thumbnailUrl\":\"https:\\\/\\\/argonmgmt.com\\\/wp-content\\\/uploads\\\/2024\\\/01\\\/4506Portait-1-WEBSITE-1024x576.jpg\",\"datePublished\":\"2020-04-13T11:18:48+00:00\",\"dateModified\":\"2025-10-30T20:40:30+00:00\",\"breadcrumb\":{\"@id\":\"https:\\\/\\\/argonmgmt.com\\\/de\\\/wer-wir-sind\\\/#breadcrumb\"},\"inLanguage\":\"de\",\"potentialAction\":[{\"@type\":\"ReadAction\",\"target\":[\"https:\\\/\\\/argonmgmt.com\\\/de\\\/wer-wir-sind\\\/\"]}]},{\"@type\":\"ImageObject\",\"inLanguage\":\"de\",\"@id\":\"https:\\\/\\\/argonmgmt.com\\\/de\\\/wer-wir-sind\\\/#primaryimage\",\"url\":\"https:\\\/\\\/argonmgmt.com\\\/wp-content\\\/uploads\\\/2024\\\/01\\\/4506Portait-1-WEBSITE-1024x576.jpg\",\"contentUrl\":\"https:\\\/\\\/argonmgmt.com\\\/wp-content\\\/uploads\\\/2024\\\/01\\\/4506Portait-1-WEBSITE-1024x576.jpg\"},{\"@type\":\"BreadcrumbList\",\"@id\":\"https:\\\/\\\/argonmgmt.com\\\/de\\\/wer-wir-sind\\\/#breadcrumb\",\"itemListElement\":[{\"@type\":\"ListItem\",\"position\":1,\"name\":\"Home\",\"item\":\"https:\\\/\\\/argonmgmt.com\\\/de\\\/startseite\\\/\"},{\"@type\":\"ListItem\",\"position\":2,\"name\":\"Wer wir sind\"}]},{\"@type\":\"WebSite\",\"@id\":\"https:\\\/\\\/argonmgmt.com\\\/de\\\/#website\",\"url\":\"https:\\\/\\\/argonmgmt.com\\\/de\\\/\",\"name\":\"Argon Management\",\"description\":\"\",\"publisher\":{\"@id\":\"https:\\\/\\\/argonmgmt.com\\\/de\\\/#organization\"},\"potentialAction\":[{\"@type\":\"SearchAction\",\"target\":{\"@type\":\"EntryPoint\",\"urlTemplate\":\"https:\\\/\\\/argonmgmt.com\\\/de\\\/?s={search_term_string}\"},\"query-input\":{\"@type\":\"PropertyValueSpecification\",\"valueRequired\":true,\"valueName\":\"search_term_string\"}}],\"inLanguage\":\"de\"},{\"@type\":\"Organization\",\"@id\":\"https:\\\/\\\/argonmgmt.com\\\/de\\\/#organization\",\"name\":\"Argon Management\",\"url\":\"https:\\\/\\\/argonmgmt.com\\\/de\\\/\",\"logo\":{\"@type\":\"ImageObject\",\"inLanguage\":\"de\",\"@id\":\"https:\\\/\\\/argonmgmt.com\\\/de\\\/#\\\/schema\\\/logo\\\/image\\\/\",\"url\":\"https:\\\/\\\/argonmgmt.com\\\/wp-content\\\/uploads\\\/2023\\\/12\\\/Full-Logo_nobackground.png\",\"contentUrl\":\"https:\\\/\\\/argonmgmt.com\\\/wp-content\\\/uploads\\\/2023\\\/12\\\/Full-Logo_nobackground.png\",\"width\":2452,\"height\":566,\"caption\":\"Argon Management\"},\"image\":{\"@id\":\"https:\\\/\\\/argonmgmt.com\\\/de\\\/#\\\/schema\\\/logo\\\/image\\\/\"}}]}<\/script>\n<!-- \/ Yoast SEO plugin. -->","yoast_head_json":{"title":"Wer wir sind - Argon Management","robots":{"index":"index","follow":"follow","max-snippet":"max-snippet:-1","max-image-preview":"max-image-preview:large","max-video-preview":"max-video-preview:-1"},"canonical":"https:\/\/argonmgmt.com\/de\/wer-wir-sind\/","og_locale":"de_DE","og_type":"article","og_title":"Wer wir sind - Argon Management","og_description":"Wer wir sind Till Spillmann, Partner Dr. Till Spillmann ist Mitbegr\u00fcnder von Argon Management. Vor der Gr\u00fcndung von Argon Management leitete Till als Vorsitzender der Actium AG Investitionen in einer Vielzahl von Branchen und Situationen. Till war mehrere Jahre als Wirtschaftsanwalt und Partner bei den Schweizer Tier-1-Kanzleien Niederer Kraft Frey und B\u00e4r &amp; Karrer t\u00e4tig. [&hellip;]","og_url":"https:\/\/argonmgmt.com\/de\/wer-wir-sind\/","og_site_name":"Argon Management","article_modified_time":"2025-10-30T20:40:30+00:00","og_image":[{"width":2560,"height":1440,"url":"https:\/\/argonmgmt.com\/wp-content\/uploads\/2024\/01\/4506Portait-1-WEBSITE-scaled.jpg","type":"image\/jpeg"}],"twitter_card":"summary_large_image","twitter_misc":{"Gesch\u00e4tzte Lesezeit":"2\u00a0Minuten"},"schema":{"@context":"https:\/\/schema.org","@graph":[{"@type":"WebPage","@id":"https:\/\/argonmgmt.com\/de\/wer-wir-sind\/","url":"https:\/\/argonmgmt.com\/de\/wer-wir-sind\/","name":"Wer wir sind - Argon Management","isPartOf":{"@id":"https:\/\/argonmgmt.com\/de\/#website"},"primaryImageOfPage":{"@id":"https:\/\/argonmgmt.com\/de\/wer-wir-sind\/#primaryimage"},"image":{"@id":"https:\/\/argonmgmt.com\/de\/wer-wir-sind\/#primaryimage"},"thumbnailUrl":"https:\/\/argonmgmt.com\/wp-content\/uploads\/2024\/01\/4506Portait-1-WEBSITE-1024x576.jpg","datePublished":"2020-04-13T11:18:48+00:00","dateModified":"2025-10-30T20:40:30+00:00","breadcrumb":{"@id":"https:\/\/argonmgmt.com\/de\/wer-wir-sind\/#breadcrumb"},"inLanguage":"de","potentialAction":[{"@type":"ReadAction","target":["https:\/\/argonmgmt.com\/de\/wer-wir-sind\/"]}]},{"@type":"ImageObject","inLanguage":"de","@id":"https:\/\/argonmgmt.com\/de\/wer-wir-sind\/#primaryimage","url":"https:\/\/argonmgmt.com\/wp-content\/uploads\/2024\/01\/4506Portait-1-WEBSITE-1024x576.jpg","contentUrl":"https:\/\/argonmgmt.com\/wp-content\/uploads\/2024\/01\/4506Portait-1-WEBSITE-1024x576.jpg"},{"@type":"BreadcrumbList","@id":"https:\/\/argonmgmt.com\/de\/wer-wir-sind\/#breadcrumb","itemListElement":[{"@type":"ListItem","position":1,"name":"Home","item":"https:\/\/argonmgmt.com\/de\/startseite\/"},{"@type":"ListItem","position":2,"name":"Wer wir sind"}]},{"@type":"WebSite","@id":"https:\/\/argonmgmt.com\/de\/#website","url":"https:\/\/argonmgmt.com\/de\/","name":"Argon Management","description":"","publisher":{"@id":"https:\/\/argonmgmt.com\/de\/#organization"},"potentialAction":[{"@type":"SearchAction","target":{"@type":"EntryPoint","urlTemplate":"https:\/\/argonmgmt.com\/de\/?s={search_term_string}"},"query-input":{"@type":"PropertyValueSpecification","valueRequired":true,"valueName":"search_term_string"}}],"inLanguage":"de"},{"@type":"Organization","@id":"https:\/\/argonmgmt.com\/de\/#organization","name":"Argon Management","url":"https:\/\/argonmgmt.com\/de\/","logo":{"@type":"ImageObject","inLanguage":"de","@id":"https:\/\/argonmgmt.com\/de\/#\/schema\/logo\/image\/","url":"https:\/\/argonmgmt.com\/wp-content\/uploads\/2023\/12\/Full-Logo_nobackground.png","contentUrl":"https:\/\/argonmgmt.com\/wp-content\/uploads\/2023\/12\/Full-Logo_nobackground.png","width":2452,"height":566,"caption":"Argon Management"},"image":{"@id":"https:\/\/argonmgmt.com\/de\/#\/schema\/logo\/image\/"}}]}},"_links":{"self":[{"href":"https:\/\/argonmgmt.com\/de\/wp-json\/wp\/v2\/pages\/1532","targetHints":{"allow":["GET"]}}],"collection":[{"href":"https:\/\/argonmgmt.com\/de\/wp-json\/wp\/v2\/pages"}],"about":[{"href":"https:\/\/argonmgmt.com\/de\/wp-json\/wp\/v2\/types\/page"}],"author":[{"embeddable":true,"href":"https:\/\/argonmgmt.com\/de\/wp-json\/wp\/v2\/users\/1"}],"replies":[{"embeddable":true,"href":"https:\/\/argonmgmt.com\/de\/wp-json\/wp\/v2\/comments?post=1532"}],"version-history":[{"count":16,"href":"https:\/\/argonmgmt.com\/de\/wp-json\/wp\/v2\/pages\/1532\/revisions"}],"predecessor-version":[{"id":1611,"href":"https:\/\/argonmgmt.com\/de\/wp-json\/wp\/v2\/pages\/1532\/revisions\/1611"}],"wp:attachment":[{"href":"https:\/\/argonmgmt.com\/de\/wp-json\/wp\/v2\/media?parent=1532"}],"curies":[{"name":"wp","href":"https:\/\/api.w.org\/{rel}","templated":true}]}}